{"id":942,"date":"2024-01-15T05:31:46","date_gmt":"2024-01-15T05:31:46","guid":{"rendered":"https:\/\/krucialthemes.com\/eigency\/?page_id=942"},"modified":"2024-08-16T11:18:19","modified_gmt":"2024-08-16T11:18:19","slug":"team-details","status":"publish","type":"page","link":"https:\/\/kidakstudio.com\/sr\/team-details\/","title":{"rendered":"Industries"},"content":{"rendered":"<div data-elementor-type=\"wp-page\" data-elementor-id=\"942\" class=\"elementor elementor-942\">\n\t\t\t\t<div class=\"elementor-element elementor-element-ee81f6c e-flex e-con-boxed e-con e-parent\" data-id=\"ee81f6c\" data-element_type=\"container\" data-core-v316-plus=\"true\">\n\t\t\t\t\t<div class=\"e-con-inner\">\n\t\t<div class=\"elementor-element elementor-element-4abc7d2 e-con-full e-flex e-con e-child\" data-id=\"4abc7d2\" data-element_type=\"container\">\n\t\t\t\t<div class=\"elementor-element elementor-element-dd6f56a elementor-widget elementor-widget-heading\" data-id=\"dd6f56a\" data-element_type=\"widget\" data-widget_type=\"heading.default\">\n\t\t\t\t<div class=\"elementor-widget-container\">\n\t\t\t<style>\/*! elementor - v3.20.0 - 11-03-2024 *\/\n.elementor-heading-title{padding:0;margin:0;line-height:1}.elementor-widget-heading .elementor-heading-title[class*=elementor-size-]>a{color:inherit;font-size:inherit;line-height:inherit}.elementor-widget-heading .elementor-heading-title.elementor-size-small{font-size:15px}.elementor-widget-heading .elementor-heading-title.elementor-size-medium{font-size:19px}.elementor-widget-heading .elementor-heading-title.elementor-size-large{font-size:29px}.elementor-widget-heading .elementor-heading-title.elementor-size-xl{font-size:39px}.elementor-widget-heading .elementor-heading-title.elementor-size-xxl{font-size:59px}<\/style><h5 class=\"elementor-heading-title elementor-size-default\">DIGITAL AGENCY<\/h5>\t\t<\/div>\n\t\t\t\t<\/div>\n\t\t<div class=\"elementor-element elementor-element-8b9c923 e-con-full e-flex elementor-invisible e-con e-child\" data-id=\"8b9c923\" data-element_type=\"container\" data-settings=\"{&quot;animation&quot;:&quot;fadeInUp&quot;}\">\n\t\t\t\t<div class=\"elementor-element elementor-element-9e323b9 elementor-widget elementor-widget-heading\" data-id=\"9e323b9\" data-element_type=\"widget\" data-widget_type=\"heading.default\">\n\t\t\t\t<div class=\"elementor-widget-container\">\n\t\t\t<h1 class=\"elementor-heading-title elementor-size-default\">Saradnja sa vode\u0107im firmama, institucijama i sektorima kao \u0161to su restorani, stomatologija, eko-green investicije i proizvodnja name\u0161taja.<\/h1>\t\t<\/div>\n\t\t\t\t<\/div>\n\t\t\t\t<div class=\"elementor-element elementor-element-23dc146 elementor-absolute elementor-widget elementor-widget-eigency-custom-shape\" data-id=\"23dc146\" data-element_type=\"widget\" data-settings=\"{&quot;_position&quot;:&quot;absolute&quot;}\" data-widget_type=\"eigency-custom-shape.default\">\n\t\t\t\t<div class=\"elementor-widget-container\">\n\t\t\t        <div class=\"eigency-custom-shape shape-square\"><\/div>\n\t\t\t\t<\/div>\n\t\t\t\t<\/div>\n\t\t\t\t<\/div>\n\t\t\t\t<div class=\"elementor-element elementor-element-9a9fd04 elementor-widget elementor-widget-eigency-button\" data-id=\"9a9fd04\" data-element_type=\"widget\" data-widget_type=\"eigency-button.default\">\n\t\t\t\t<div class=\"elementor-widget-container\">\n\t\t\t        <div class=\"eigency-button-wrapper\">\r\n            <a class=\"eigency-button icon-none\" href=\"https:\/\/kidakstudio.com\/sr\/contact\/\">\r\n\t\t\t\t<span class=\"button-text\">\r\n\t\t\t\t\tRazgovarajte s nama        \t\t<\/span>\r\n\t\t\t\t            <\/a>\r\n        <\/div>\r\n\t\t\t\t<\/div>\n\t\t\t\t<\/div>\n\t\t\t\t<\/div>\n\t\t\t\t\t<\/div>\n\t\t\t\t<\/div>\n\t\t<div class=\"elementor-element elementor-element-dcb9173 e-flex e-con-boxed e-con e-parent\" data-id=\"dcb9173\" data-element_type=\"container\" data-core-v316-plus=\"true\">\n\t\t\t\t\t<div class=\"e-con-inner\">\n\t\t<div class=\"elementor-element elementor-element-9eaa9b7 e-flex e-con-boxed e-con e-child\" data-id=\"9eaa9b7\" data-element_type=\"container\">\n\t\t\t\t\t<div class=\"e-con-inner\">\n\t\t\t\t<div class=\"elementor-element elementor-element-9cb5b43 elementor-widget__width-initial elementor-invisible elementor-widget elementor-widget-heading\" data-id=\"9cb5b43\" data-element_type=\"widget\" data-settings=\"{&quot;_animation&quot;:&quot;fadeInUp&quot;}\" data-widget_type=\"heading.default\">\n\t\t\t\t<div class=\"elementor-widget-container\">\n\t\t\t<h5 class=\"elementor-heading-title elementor-size-default\">We\u2019re proud to work with a wide range of companies worldwide, with clients who trust us to bring their ideas to life.<\/h5>\t\t<\/div>\n\t\t\t\t<\/div>\n\t\t<div class=\"elementor-element elementor-element-f4a1aee e-con-full e-flex e-con e-child\" data-id=\"f4a1aee\" data-element_type=\"container\">\n\t\t\t\t<div class=\"elementor-element elementor-element-caac174 elementor-invisible elementor-widget elementor-widget-image\" data-id=\"caac174\" data-element_type=\"widget\" data-settings=\"{&quot;_animation&quot;:&quot;fadeInUp&quot;}\" data-widget_type=\"image.default\">\n\t\t\t\t<div class=\"elementor-widget-container\">\n\t\t\t<style>\/*! elementor - v3.20.0 - 11-03-2024 *\/\n.elementor-widget-image{text-align:center}.elementor-widget-image a{display:inline-block}.elementor-widget-image a img[src$=\".svg\"]{width:48px}.elementor-widget-image img{vertical-align:middle;display:inline-block}<\/style>\t\t\t\t\t\t\t\t\t\t\t<a href=\"#\">\n\t\t\t\t\t\t\t<img decoding=\"async\" width=\"244\" height=\"48\" src=\"https:\/\/kidakstudio.com\/wp-content\/uploads\/2024\/05\/amed-logo-1.png\" class=\"attachment-full size-full wp-image-3107\" alt=\"Kidak Studio - A MED Logo\" \/>\t\t\t\t\t\t\t\t<\/a>\n\t\t\t\t\t\t\t\t\t\t\t\t\t<\/div>\n\t\t\t\t<\/div>\n\t\t\t\t<div class=\"elementor-element elementor-element-dd31d1c elementor-invisible elementor-widget elementor-widget-image\" data-id=\"dd31d1c\" data-element_type=\"widget\" data-settings=\"{&quot;_animation&quot;:&quot;fadeInUp&quot;,&quot;_animation_delay&quot;:50}\" data-widget_type=\"image.default\">\n\t\t\t\t<div class=\"elementor-widget-container\">\n\t\t\t\t\t\t\t\t\t\t\t\t\t\t<a href=\"http:\/\/www.restoran-park.com\">\n\t\t\t\t\t\t\t<img decoding=\"async\" width=\"244\" height=\"48\" src=\"https:\/\/kidakstudio.com\/wp-content\/uploads\/2024\/07\/Restoran-park-logo.png\" class=\"attachment-full size-full wp-image-3473\" alt=\"Kidak Studio - Restoran Park Logo\" srcset=\"https:\/\/kidakstudio.com\/wp-content\/uploads\/2024\/07\/Restoran-park-logo.png 244w, https:\/\/kidakstudio.com\/wp-content\/uploads\/2024\/07\/Restoran-park-logo-18x4.png 18w\" sizes=\"(max-width: 244px) 100vw, 244px\" \/>\t\t\t\t\t\t\t\t<\/a>\n\t\t\t\t\t\t\t\t\t\t\t\t\t<\/div>\n\t\t\t\t<\/div>\n\t\t\t\t<div class=\"elementor-element elementor-element-9db7e71 elementor-invisible elementor-widget elementor-widget-image\" data-id=\"9db7e71\" data-element_type=\"widget\" data-settings=\"{&quot;_animation&quot;:&quot;fadeInUp&quot;,&quot;_animation_delay&quot;:100}\" data-widget_type=\"image.default\">\n\t\t\t\t<div class=\"elementor-widget-container\">\n\t\t\t\t\t\t\t\t\t\t\t\t\t\t<a href=\"#\">\n\t\t\t\t\t\t\t<img decoding=\"async\" src=\"https:\/\/kidakstudio.com\/wp-content\/uploads\/elementor\/thumbs\/OTD-Logo-qrec95pe0udjq7bru9q4encqjx5wohndpi3zbz78ps.png\" title=\"Kidak Studio &#8211; OTD Logo\" alt=\"Kidak Studio - OTD Logo\" loading=\"lazy\" \/>\t\t\t\t\t\t\t\t<\/a>\n\t\t\t\t\t\t\t\t\t\t\t\t\t<\/div>\n\t\t\t\t<\/div>\n\t\t\t\t<div class=\"elementor-element elementor-element-38a4daf elementor-invisible elementor-widget elementor-widget-image\" data-id=\"38a4daf\" data-element_type=\"widget\" data-settings=\"{&quot;_animation&quot;:&quot;fadeInUp&quot;,&quot;_animation_delay&quot;:200}\" data-widget_type=\"image.default\">\n\t\t\t\t<div class=\"elementor-widget-container\">\n\t\t\t\t\t\t\t\t\t\t\t\t\t\t<a href=\"http:\/\/www.export-city.com\">\n\t\t\t\t\t\t\t<img decoding=\"async\" width=\"245\" height=\"40\" src=\"https:\/\/kidakstudio.com\/wp-content\/uploads\/2024\/07\/ExportCity_Logo_Full_z3-1.png\" class=\"attachment-full size-full wp-image-3274\" alt=\"Kidak Studio - Export City Logo\" srcset=\"https:\/\/kidakstudio.com\/wp-content\/uploads\/2024\/07\/ExportCity_Logo_Full_z3-1.png 245w, https:\/\/kidakstudio.com\/wp-content\/uploads\/2024\/07\/ExportCity_Logo_Full_z3-1-18x3.png 18w\" sizes=\"(max-width: 245px) 100vw, 245px\" \/>\t\t\t\t\t\t\t\t<\/a>\n\t\t\t\t\t\t\t\t\t\t\t\t\t<\/div>\n\t\t\t\t<\/div>\n\t\t\t\t<\/div>\n\t\t\t\t\t<\/div>\n\t\t\t\t<\/div>\n\t\t\t\t\t<\/div>\n\t\t\t\t<\/div>\n\t\t<div class=\"elementor-element elementor-element-a795f87 e-flex e-con-boxed e-con e-parent\" data-id=\"a795f87\" data-element_type=\"container\" data-core-v316-plus=\"true\">\n\t\t\t\t\t<div class=\"e-con-inner\">\n\t\t<div class=\"elementor-element elementor-element-e21a501 e-flex e-con-boxed e-con e-child\" data-id=\"e21a501\" data-element_type=\"container\">\n\t\t\t\t\t<div class=\"e-con-inner\">\n\t\t<div class=\"elementor-element elementor-element-46869bd e-con-full e-flex e-con e-child\" data-id=\"46869bd\" data-element_type=\"container\">\n\t\t\t\t<div class=\"elementor-element elementor-element-cac82cd elementor-invisible elementor-widget elementor-widget-image\" data-id=\"cac82cd\" data-element_type=\"widget\" data-settings=\"{&quot;_animation&quot;:&quot;fadeInUp&quot;}\" data-widget_type=\"image.default\">\n\t\t\t\t<div class=\"elementor-widget-container\">\n\t\t\t\t\t\t\t\t\t\t\t\t\t<img decoding=\"async\" src=\"https:\/\/krucialthemes.com\/eigency\/wp-content\/uploads\/2024\/01\/about-two1.jpg\" title=\"\" alt=\"\" loading=\"lazy\" \/>\t\t\t\t\t\t\t\t\t\t\t\t\t<\/div>\n\t\t\t\t<\/div>\n\t\t\t\t<div class=\"elementor-element elementor-element-1bb34f2 elementor-invisible elementor-widget elementor-widget-image\" data-id=\"1bb34f2\" data-element_type=\"widget\" data-settings=\"{&quot;_animation&quot;:&quot;fadeInUp&quot;,&quot;_animation_delay&quot;:100}\" data-widget_type=\"image.default\">\n\t\t\t\t<div class=\"elementor-widget-container\">\n\t\t\t\t\t\t\t\t\t\t\t\t\t<img decoding=\"async\" src=\"https:\/\/krucialthemes.com\/eigency\/wp-content\/uploads\/2024\/01\/about-two2.jpg\" title=\"\" alt=\"\" loading=\"lazy\" \/>\t\t\t\t\t\t\t\t\t\t\t\t\t<\/div>\n\t\t\t\t<\/div>\n\t\t\t\t<\/div>\n\t\t<div class=\"elementor-element elementor-element-73e08e2 e-con-full e-flex e-con e-child\" data-id=\"73e08e2\" data-element_type=\"container\">\n\t\t\t\t<div class=\"elementor-element elementor-element-69dd508 elementor-widget elementor-widget-heading\" data-id=\"69dd508\" data-element_type=\"widget\" data-widget_type=\"heading.default\">\n\t\t\t\t<div class=\"elementor-widget-container\">\n\t\t\t<h2 class=\"elementor-heading-title elementor-size-default\">How can KIDAK Studio help you?<\/h2>\t\t<\/div>\n\t\t\t\t<\/div>\n\t\t\t\t<div class=\"elementor-element elementor-element-162effa elementor-invisible elementor-widget elementor-widget-text-editor\" data-id=\"162effa\" data-element_type=\"widget\" data-settings=\"{&quot;_animation&quot;:&quot;fadeInUp&quot;,&quot;_animation_delay&quot;:150}\" data-widget_type=\"text-editor.default\">\n\t\t\t\t<div class=\"elementor-widget-container\">\n\t\t\t<style>\/*! elementor - v3.20.0 - 11-03-2024 *\/\n.elementor-widget-text-editor.elementor-drop-cap-view-stacked .elementor-drop-cap{background-color:#69727d;color:#fff}.elementor-widget-text-editor.elementor-drop-cap-view-framed .elementor-drop-cap{color:#69727d;border:3px solid;background-color:transparent}.elementor-widget-text-editor:not(.elementor-drop-cap-view-default) .elementor-drop-cap{margin-top:8px}.elementor-widget-text-editor:not(.elementor-drop-cap-view-default) .elementor-drop-cap-letter{width:1em;height:1em}.elementor-widget-text-editor .elementor-drop-cap{float:left;text-align:center;line-height:1;font-size:50px}.elementor-widget-text-editor .elementor-drop-cap-letter{display:inline-block}<\/style>\t\t\t\t<p>Kao digitalna agencija, nudimo rje\u0161enja koja mogu zna\u010dajno unaprijediti va\u0161e poslovanje. Klijentima pruzamo usluge kreiranja vizuelnog identiteta koji predstavljaju vas brend i vase poslovanje. Razvijamo marketin\u0161ke web stranice koje privla\u010de i konvertuju posjetioce, kao i kompleksne sisteme za pobolj\u0161anje funkcionisanja va\u0161ih operacija\u2014 (od rje\u0161enja za ketering i dostavu hrane do sistema za upravljanje logistikom, narud\u017ebama robe i pra\u0107enjem kamiona i gotovih proizvoda).<\/p><p>Na\u0161 tim posve\u0107en je pru\u017eanju personalizovanih re\u0161enja koja \u0107e optimizovati va\u0161e poslovne procese i unaprediti va\u0161u konkurentnost na tr\u017ei\u0161tu.<\/p>\t\t\t\t\t\t<\/div>\n\t\t\t\t<\/div>\n\t\t\t\t<\/div>\n\t\t\t\t\t<\/div>\n\t\t\t\t<\/div>\n\t\t\t\t\t<\/div>\n\t\t\t\t<\/div>\n\t\t<div class=\"elementor-element elementor-element-252f0c4 e-flex e-con-boxed e-con e-parent\" data-id=\"252f0c4\" data-element_type=\"container\" data-core-v316-plus=\"true\">\n\t\t\t\t\t<div class=\"e-con-inner\">\n\t\t\t\t<div class=\"elementor-element elementor-element-0d2c54c elementor-widget elementor-widget-heading\" data-id=\"0d2c54c\" data-element_type=\"widget\" data-widget_type=\"heading.default\">\n\t\t\t\t<div class=\"elementor-widget-container\">\n\t\t\t<h5 class=\"elementor-heading-title elementor-size-default\">KIDAK STUDIO<\/h5>\t\t<\/div>\n\t\t\t\t<\/div>\n\t\t\t\t<div class=\"elementor-element elementor-element-cbab9ec elementor-widget__width-initial elementor-widget elementor-widget-heading\" data-id=\"cbab9ec\" data-element_type=\"widget\" data-widget_type=\"heading.default\">\n\t\t\t\t<div class=\"elementor-widget-container\">\n\t\t\t<h2 class=\"elementor-heading-title elementor-size-default\">When should you contact our digital agency?<\/h2>\t\t<\/div>\n\t\t\t\t<\/div>\n\t\t<div class=\"elementor-element elementor-element-74fb999 e-flex e-con-boxed e-con e-child\" data-id=\"74fb999\" data-element_type=\"container\">\n\t\t\t\t\t<div class=\"e-con-inner\">\n\t\t<div class=\"elementor-element elementor-element-050d334 e-con-full e-flex e-con e-child\" data-id=\"050d334\" data-element_type=\"container\">\n\t\t\t\t<div class=\"elementor-element elementor-element-00dd44c elementor-widget__width-initial elementor-invisible elementor-widget elementor-widget-eigency-step-flow\" data-id=\"00dd44c\" data-element_type=\"widget\" data-settings=\"{&quot;_animation&quot;:&quot;fadeInUp&quot;}\" data-widget_type=\"eigency-step-flow.default\">\n\t\t\t\t<div class=\"elementor-widget-container\">\n\t\t\t        <div class=\"eigency-step-flow\">\r\n\t\t\t<span class=\"step-index\">1<\/span>            <div class=\"step-content\">\r\n                <div class=\"step-icon\">\r\n\t\t\t\t\t<i class=\"flaticon flaticon-geometric\"><\/i>                <\/div>\r\n\r\n\t\t\t\t<h4 class=\"step-title\">Osvezite svoj brend<\/h4><p class=\"step-desc\">Ako osje\u0107ate da va\u0161 trenutni brend ne odra\u017eava vi\u0161e va\u0161u viziju ili ne privla\u010di ciljnu publiku, na\u0161 tim mo\u017ee pomo\u0107i u stvaranju novog vizuelnog identiteta koji \u0107e vas izdvojiti na tr\u017ei\u0161tu.<\/p>            <\/div>\r\n        <\/div>\r\n\t\t\t\t<\/div>\n\t\t\t\t<\/div>\n\t\t\t\t<div class=\"elementor-element elementor-element-fc0219f elementor-widget__width-initial elementor-invisible elementor-widget elementor-widget-eigency-step-flow\" data-id=\"fc0219f\" data-element_type=\"widget\" data-settings=\"{&quot;_animation&quot;:&quot;fadeInUp&quot;,&quot;_animation_delay&quot;:100}\" data-widget_type=\"eigency-step-flow.default\">\n\t\t\t\t<div class=\"elementor-widget-container\">\n\t\t\t        <div class=\"eigency-step-flow\">\r\n\t\t\t<span class=\"step-index\">2<\/span>            <div class=\"step-content\">\r\n                <div class=\"step-icon\">\r\n\t\t\t\t\t<i class=\"flaticon flaticon-ux\"><\/i>                <\/div>\r\n\r\n\t\t\t\t<h4 class=\"step-title\">Website za vasu kompaniju<\/h4><p class=\"step-desc\">Ako \u017eelite da va\u0161a web stranica ne bude samo vizuelno privlacna, ve\u0107 i funkcionalna i usmerena na konverzije i ciljanu publiku, mi vam nudimo rje\u0161enja koja ispunjavaju va\u0161e ciljeve.<\/p>            <\/div>\r\n        <\/div>\r\n\t\t\t\t<\/div>\n\t\t\t\t<\/div>\n\t\t\t\t<div class=\"elementor-element elementor-element-0164fff elementor-widget__width-initial elementor-invisible elementor-widget elementor-widget-eigency-step-flow\" data-id=\"0164fff\" data-element_type=\"widget\" data-settings=\"{&quot;_animation&quot;:&quot;fadeInUp&quot;,&quot;_animation_delay&quot;:200}\" data-widget_type=\"eigency-step-flow.default\">\n\t\t\t\t<div class=\"elementor-widget-container\">\n\t\t\t        <div class=\"eigency-step-flow\">\r\n\t\t\t<span class=\"step-index\">3<\/span>            <div class=\"step-content\">\r\n                <div class=\"step-icon\">\r\n\t\t\t\t\t<i class=\"flaticon flaticon-devops\"><\/i>                <\/div>\r\n\r\n\t\t\t\t<h4 class=\"step-title\">Optimizujte slo\u017eene operacije i sisteme<\/h4><p class=\"step-desc\">Ako va\u0161e poslovanje zahteva kompleksne sisteme za unapre\u0111enje funkcionalnosti, povecanje produktivnosti i smanjenje utrosenog vremena u poslovanju vase kompanije.<\/p>            <\/div>\r\n        <\/div>\r\n\t\t\t\t<\/div>\n\t\t\t\t<\/div>\n\t\t\t\t<div class=\"elementor-element elementor-element-20c099b elementor-widget__width-initial elementor-invisible elementor-widget elementor-widget-eigency-step-flow\" data-id=\"20c099b\" data-element_type=\"widget\" data-settings=\"{&quot;_animation&quot;:&quot;fadeInUp&quot;,&quot;_animation_delay&quot;:300}\" data-widget_type=\"eigency-step-flow.default\">\n\t\t\t\t<div class=\"elementor-widget-container\">\n\t\t\t        <div class=\"eigency-step-flow\">\r\n\t\t\t<span class=\"step-index\">4<\/span>            <div class=\"step-content\">\r\n                <div class=\"step-icon\">\r\n\t\t\t\t\t<i class=\"flaticon flaticon-social\"><\/i>                <\/div>\r\n\r\n\t\t\t\t<h4 class=\"step-title\">Marketing strategija<\/h4><p class=\"step-desc\">Ako vam je potrebna pomo\u0107 u stvaranju i implementaciji marketin\u0161kih kampanja koje \u0107e privu\u0107i i anga\u017eovati va\u0161u publiku, pomo\u0107i cemo vam da razvijete strategije koje donose rezultate.<\/p>            <\/div>\r\n        <\/div>\r\n\t\t\t\t<\/div>\n\t\t\t\t<\/div>\n\t\t\t\t<\/div>\n\t\t\t\t<div class=\"elementor-element elementor-element-af03ecb elementor-widget elementor-widget-eigency-button\" data-id=\"af03ecb\" data-element_type=\"widget\" data-widget_type=\"eigency-button.default\">\n\t\t\t\t<div class=\"elementor-widget-container\">\n\t\t\t        <div class=\"eigency-button-wrapper\">\r\n            <a class=\"eigency-button icon-none\" href=\"https:\/\/kidakstudio.com\/sr\/contact\/\">\r\n\t\t\t\t<span class=\"button-text\">\r\n\t\t\t\t\tRazgovarajte s nama        \t\t<\/span>\r\n\t\t\t\t            <\/a>\r\n        <\/div>\r\n\t\t\t\t<\/div>\n\t\t\t\t<\/div>\n\t\t\t\t\t<\/div>\n\t\t\t\t<\/div>\n\t\t\t\t\t<\/div>\n\t\t\t\t<\/div>\n\t\t<div class=\"elementor-element elementor-element-3d0946a e-flex e-con-boxed e-con e-parent\" data-id=\"3d0946a\" data-element_type=\"container\" data-core-v316-plus=\"true\">\n\t\t\t\t\t<div class=\"e-con-inner\">\n\t\t<div class=\"elementor-element elementor-element-1a766d4 e-flex e-con-boxed e-con e-child\" data-id=\"1a766d4\" data-element_type=\"container\">\n\t\t\t\t\t<div class=\"e-con-inner\">\n\t\t\t\t<div class=\"elementor-element elementor-element-fbd08ec elementor-widget elementor-widget-heading\" data-id=\"fbd08ec\" data-element_type=\"widget\" data-widget_type=\"heading.default\">\n\t\t\t\t<div class=\"elementor-widget-container\">\n\t\t\t<h5 class=\"elementor-heading-title elementor-size-default\">OUR CLIENTS<\/h5>\t\t<\/div>\n\t\t\t\t<\/div>\n\t\t\t\t<div class=\"elementor-element elementor-element-46bfc14 elementor-widget__width-initial elementor-widget elementor-widget-heading\" data-id=\"46bfc14\" data-element_type=\"widget\" data-widget_type=\"heading.default\">\n\t\t\t\t<div class=\"elementor-widget-container\">\n\t\t\t<h2 class=\"elementor-heading-title elementor-size-default\">Industrije u kojima smo ostvarili uspe\u0161nu saradnju<\/h2>\t\t<\/div>\n\t\t\t\t<\/div>\n\t\t\t\t\t<\/div>\n\t\t\t\t<\/div>\n\t\t\t\t\t<\/div>\n\t\t\t\t<\/div>\n\t\t\t\t<\/div>","protected":false},"excerpt":{"rendered":"<p>DIGITAL AGENCY Saradnja sa vode\u0107im firmama, institucijama i sektorima kao \u0161to su restorani, stomatologija, eko-green investicije i proizvodnja name\u0161taja. Talk to us We\u2019re proud to work with a wide range of companies worldwide, with clients who trust us to bring their ideas to life. How can KIDAK Studio help you? Kao digitalna agencija, nudimo rje\u0161enja [&hellip;]<\/p>","protected":false},"author":1,"featured_media":0,"parent":0,"menu_order":0,"comment_status":"closed","ping_status":"closed","template":"","meta":{"om_disable_all_campaigns":false,"_monsterinsights_skip_tracking":false,"_monsterinsights_sitenote_active":false,"_monsterinsights_sitenote_note":"","_monsterinsights_sitenote_category":0,"_uf_show_specific_survey":0,"_uf_disable_surveys":false,"footnotes":""},"class_list":["post-942","page","type-page","status-publish","hentry"],"aioseo_notices":[],"_links":{"self":[{"href":"https:\/\/kidakstudio.com\/sr\/wp-json\/wp\/v2\/pages\/942","targetHints":{"allow":["GET"]}}],"collection":[{"href":"https:\/\/kidakstudio.com\/sr\/wp-json\/wp\/v2\/pages"}],"about":[{"href":"https:\/\/kidakstudio.com\/sr\/wp-json\/wp\/v2\/types\/page"}],"author":[{"embeddable":true,"href":"https:\/\/kidakstudio.com\/sr\/wp-json\/wp\/v2\/users\/1"}],"replies":[{"embeddable":true,"href":"https:\/\/kidakstudio.com\/sr\/wp-json\/wp\/v2\/comments?post=942"}],"version-history":[{"count":33,"href":"https:\/\/kidakstudio.com\/sr\/wp-json\/wp\/v2\/pages\/942\/revisions"}],"predecessor-version":[{"id":3764,"href":"https:\/\/kidakstudio.com\/sr\/wp-json\/wp\/v2\/pages\/942\/revisions\/3764"}],"wp:attachment":[{"href":"https:\/\/kidakstudio.com\/sr\/wp-json\/wp\/v2\/media?parent=942"}],"curies":[{"name":"wp","href":"https:\/\/api.w.org\/{rel}","templated":true}]}}