{"id":706,"date":"2024-01-14T08:44:51","date_gmt":"2024-01-14T08:44:51","guid":{"rendered":"https:\/\/krucialthemes.com\/eigency\/?page_id=706"},"modified":"2024-10-05T13:26:22","modified_gmt":"2024-10-05T13:26:22","slug":"our-projects","status":"publish","type":"page","link":"https:\/\/kidakstudio.com\/sr\/our-projects\/","title":{"rendered":"Na\u0161i projekti"},"content":{"rendered":"<div data-elementor-type=\"wp-page\" data-elementor-id=\"706\" class=\"elementor elementor-706\">\n\t\t\t\t<div class=\"elementor-element elementor-element-4c81cda e-flex e-con-boxed e-con e-parent\" data-id=\"4c81cda\" data-element_type=\"container\" data-core-v316-plus=\"true\">\n\t\t\t\t\t<div class=\"e-con-inner\">\n\t\t\t\t<div class=\"elementor-element elementor-element-29e6aaa elementor-widget elementor-widget-spacer\" data-id=\"29e6aaa\" data-element_type=\"widget\" data-widget_type=\"spacer.default\">\n\t\t\t\t<div class=\"elementor-widget-container\">\n\t\t\t<style>\/*! elementor - v3.20.0 - 11-03-2024 *\/\n.elementor-column .elementor-spacer-inner{height:var(--spacer-size)}.e-con{--container-widget-width:100%}.e-con-inner>.elementor-widget-spacer,.e-con>.elementor-widget-spacer{width:var(--container-widget-width,var(--spacer-size));--align-self:var(--container-widget-align-self,initial);--flex-shrink:0}.e-con-inner>.elementor-widget-spacer>.elementor-widget-container,.e-con>.elementor-widget-spacer>.elementor-widget-container{height:100%;width:100%}.e-con-inner>.elementor-widget-spacer>.elementor-widget-container>.elementor-spacer,.e-con>.elementor-widget-spacer>.elementor-widget-container>.elementor-spacer{height:100%}.e-con-inner>.elementor-widget-spacer>.elementor-widget-container>.elementor-spacer>.elementor-spacer-inner,.e-con>.elementor-widget-spacer>.elementor-widget-container>.elementor-spacer>.elementor-spacer-inner{height:var(--container-widget-height,var(--spacer-size))}.e-con-inner>.elementor-widget-spacer.elementor-widget-empty,.e-con>.elementor-widget-spacer.elementor-widget-empty{position:relative;min-height:22px;min-width:22px}.e-con-inner>.elementor-widget-spacer.elementor-widget-empty .elementor-widget-empty-icon,.e-con>.elementor-widget-spacer.elementor-widget-empty .elementor-widget-empty-icon{position:absolute;top:0;bottom:0;left:0;right:0;margin:auto;padding:0;width:22px;height:22px}<\/style>\t\t<div class=\"elementor-spacer\">\n\t\t\t<div class=\"elementor-spacer-inner\"><\/div>\n\t\t<\/div>\n\t\t\t\t<\/div>\n\t\t\t\t<\/div>\n\t\t\t\t<div class=\"elementor-element elementor-element-494ce85 elementor-absolute elementor-widget elementor-widget-eigency-custom-shape\" data-id=\"494ce85\" data-element_type=\"widget\" data-settings=\"{&quot;_position&quot;:&quot;absolute&quot;}\" data-widget_type=\"eigency-custom-shape.default\">\n\t\t\t\t<div class=\"elementor-widget-container\">\n\t\t\t        <div class=\"eigency-custom-shape shape-square shape-center\"><\/div>\n\t\t\t\t<\/div>\n\t\t\t\t<\/div>\n\t\t\t\t<div class=\"elementor-element elementor-element-eaa3b1e elementor-widget__width-initial elementor-widget elementor-widget-heading\" data-id=\"eaa3b1e\" data-element_type=\"widget\" data-widget_type=\"heading.default\">\n\t\t\t\t<div class=\"elementor-widget-container\">\n\t\t\t<style>\/*! elementor - v3.20.0 - 11-03-2024 *\/\n.elementor-heading-title{padding:0;margin:0;line-height:1}.elementor-widget-heading .elementor-heading-title[class*=elementor-size-]>a{color:inherit;font-size:inherit;line-height:inherit}.elementor-widget-heading .elementor-heading-title.elementor-size-small{font-size:15px}.elementor-widget-heading .elementor-heading-title.elementor-size-medium{font-size:19px}.elementor-widget-heading .elementor-heading-title.elementor-size-large{font-size:29px}.elementor-widget-heading .elementor-heading-title.elementor-size-xl{font-size:39px}.elementor-widget-heading .elementor-heading-title.elementor-size-xxl{font-size:59px}<\/style><h2 class=\"elementor-heading-title elementor-size-default\">Projekti koje smo uspje\u0161no o\u017eivjeli<\/h2>\t\t<\/div>\n\t\t\t\t<\/div>\n\t\t\t\t<div class=\"elementor-element elementor-element-fb5474d elementor-absolute elementor-invisible elementor-widget elementor-widget-eigency-button\" data-id=\"fb5474d\" data-element_type=\"widget\" data-settings=\"{&quot;_animation&quot;:&quot;fadeInDown&quot;,&quot;_animation_delay&quot;:300,&quot;_position&quot;:&quot;absolute&quot;}\" data-widget_type=\"eigency-button.default\">\n\t\t\t\t<div class=\"elementor-widget-container\">\n\t\t\t        <div class=\"eigency-button-wrapper\">\r\n            <a class=\"eigency-button icon-right\" href=\"#scroll-down\">\r\n\t\t\t\t<span class=\"button-text\">\r\n\t\t\t\t\t        \t\t<\/span>\r\n\t\t\t\t                    <span class=\"button-icon\">\r\n                        <i class=\"fas fa-arrow-down\"><\/i>                    <\/span>\r\n\t\t\t\t            <\/a>\r\n        <\/div>\r\n\t\t\t\t<\/div>\n\t\t\t\t<\/div>\n\t\t\t\t\t<\/div>\n\t\t\t\t<\/div>\n\t\t<div class=\"elementor-element elementor-element-58e043b e-flex e-con-boxed e-con e-parent\" data-id=\"58e043b\" data-element_type=\"container\" data-core-v316-plus=\"true\">\n\t\t\t\t\t<div class=\"e-con-inner\">\n\t\t<div class=\"elementor-element elementor-element-90fdaca e-con-full e-flex e-con e-child\" data-id=\"90fdaca\" data-element_type=\"container\">\n\t\t\t\t<div class=\"elementor-element elementor-element-6566f35 elementor-invisible elementor-widget elementor-widget-eigency-portfolio\" data-id=\"6566f35\" data-element_type=\"widget\" data-settings=\"{&quot;_animation&quot;:&quot;fadeIn&quot;}\" data-widget_type=\"eigency-portfolio.default\">\n\t\t\t\t<div class=\"elementor-widget-container\">\n\t\t\t        <div class=\"eigency-portfolio-items design-one layout-grid\">\n\t\t\t        <div class=\"portfolio-item\">\n            <div class=\"thumbnail\">\n\t\t\t\t<img fetchpriority=\"high\" decoding=\"async\" width=\"630\" height=\"520\" src=\"https:\/\/kidakstudio.com\/wp-content\/uploads\/2024\/05\/amed_logo_thumb.png\" class=\"attachment-large size-large wp-post-image\" alt=\"Kidak Studio - A MED Thumbnail\" srcset=\"https:\/\/kidakstudio.com\/wp-content\/uploads\/2024\/05\/amed_logo_thumb.png 630w, https:\/\/kidakstudio.com\/wp-content\/uploads\/2024\/05\/amed_logo_thumb-300x248.png 300w\" sizes=\"(max-width: 630px) 100vw, 630px\" \/>        <a href=\"https:\/\/kidakstudio.com\/sr\/portfolio\/redesign-pro-studios\/\" class=\"read-more\">\n\t\t\tRead More        <\/a>\n\t\t            <\/div>\n            <div class=\"content\">\n\t\t\t\t<h4 class=\"title\"><a href=\"https:\/\/kidakstudio.com\/sr\/portfolio\/redesign-pro-studios\/\">A Med - Vizuelni identitet<\/a><\/h4><div class=\"categories\"><a href=\"https:\/\/kidakstudio.com\/sr\/portfolio-category\/brand-identity\/\" rel=\"tag\">Brending i vizuelni identitet<\/a><a href=\"https:\/\/kidakstudio.com\/sr\/portfolio-category\/product-design\/\" rel=\"tag\">Product Design<\/a><a href=\"https:\/\/kidakstudio.com\/sr\/portfolio-category\/visual-design\/\" rel=\"tag\">Visual Design<\/a><\/div>            <\/div>\n        <\/div>\n\t\t        <div class=\"portfolio-item\">\n            <div class=\"thumbnail\">\n\t\t\t\t<img decoding=\"async\" width=\"630\" height=\"520\" src=\"https:\/\/kidakstudio.com\/wp-content\/uploads\/2024\/05\/kidak-studio-thumbnail-portfolio-amed-branding-restoran-park.png\" class=\"attachment-large size-large wp-post-image\" alt=\"Kidak Studio - Restoran Park Thumbnail\" srcset=\"https:\/\/kidakstudio.com\/wp-content\/uploads\/2024\/05\/kidak-studio-thumbnail-portfolio-amed-branding-restoran-park.png 630w, https:\/\/kidakstudio.com\/wp-content\/uploads\/2024\/05\/kidak-studio-thumbnail-portfolio-amed-branding-restoran-park-300x248.png 300w\" sizes=\"(max-width: 630px) 100vw, 630px\" \/>        <a href=\"https:\/\/kidakstudio.com\/sr\/portfolio\/restoran-park\/\" class=\"read-more\">\n\t\t\tRead More        <\/a>\n\t\t            <\/div>\n            <div class=\"content\">\n\t\t\t\t<h4 class=\"title\"><a href=\"https:\/\/kidakstudio.com\/sr\/portfolio\/restoran-park\/\">Restoran Park &#8211; Rebranding<\/a><\/h4><div class=\"categories\"><a href=\"https:\/\/kidakstudio.com\/sr\/portfolio-category\/brand-identity\/\" rel=\"tag\">Brending i vizuelni identitet<\/a><a href=\"https:\/\/kidakstudio.com\/sr\/portfolio-category\/direction\/\" rel=\"tag\">Direction<\/a><a href=\"https:\/\/kidakstudio.com\/sr\/portfolio-category\/redesign\/\" rel=\"tag\">Redesign<\/a><a href=\"https:\/\/kidakstudio.com\/sr\/portfolio-category\/website-development\/\" rel=\"tag\">Website Development<\/a><\/div>            <\/div>\n        <\/div>\n\t\t        <div class=\"portfolio-item\">\n            <div class=\"thumbnail\">\n\t\t\t\t<img decoding=\"async\" width=\"630\" height=\"520\" src=\"https:\/\/kidakstudio.com\/wp-content\/uploads\/2024\/07\/Export-City-Portfolio-Image.png\" class=\"attachment-large size-large wp-post-image\" alt=\"Kidak Studio - Export City - Cover Image\" srcset=\"https:\/\/kidakstudio.com\/wp-content\/uploads\/2024\/07\/Export-City-Portfolio-Image.png 630w, https:\/\/kidakstudio.com\/wp-content\/uploads\/2024\/07\/Export-City-Portfolio-Image-300x248.png 300w, https:\/\/kidakstudio.com\/wp-content\/uploads\/2024\/07\/Export-City-Portfolio-Image-15x12.png 15w\" sizes=\"(max-width: 630px) 100vw, 630px\" \/>        <a href=\"https:\/\/kidakstudio.com\/sr\/portfolio\/export-city\/\" class=\"read-more\">\n\t\t\tRead More        <\/a>\n\t\t            <\/div>\n            <div class=\"content\">\n\t\t\t\t<h4 class=\"title\"><a href=\"https:\/\/kidakstudio.com\/sr\/portfolio\/export-city\/\">Export City &#8211; Brand Identity<\/a><\/h4><div class=\"categories\"><a href=\"https:\/\/kidakstudio.com\/sr\/portfolio-category\/brand-identity\/\" rel=\"tag\">Brending i vizuelni identitet<\/a><a href=\"https:\/\/kidakstudio.com\/sr\/portfolio-category\/visual-design\/\" rel=\"tag\">Visual Design<\/a><a href=\"https:\/\/kidakstudio.com\/sr\/portfolio-category\/website-development\/\" rel=\"tag\">Website Development<\/a><\/div>            <\/div>\n        <\/div>\n\t\t        <div class=\"portfolio-item\">\n            <div class=\"thumbnail\">\n\t\t\t\t<img loading=\"lazy\" decoding=\"async\" width=\"810\" height=\"810\" src=\"https:\/\/kidakstudio.com\/wp-content\/uploads\/2024\/10\/otd-cover-1-1024x1024.png\" class=\"attachment-large size-large wp-post-image\" alt=\"Kidak Studio - OTD - Cover Image\" srcset=\"https:\/\/kidakstudio.com\/wp-content\/uploads\/2024\/10\/otd-cover-1-1024x1024.png 1024w, https:\/\/kidakstudio.com\/wp-content\/uploads\/2024\/10\/otd-cover-1-300x300.png 300w, https:\/\/kidakstudio.com\/wp-content\/uploads\/2024\/10\/otd-cover-1-150x150.png 150w, https:\/\/kidakstudio.com\/wp-content\/uploads\/2024\/10\/otd-cover-1-768x768.png 768w, https:\/\/kidakstudio.com\/wp-content\/uploads\/2024\/10\/otd-cover-1-12x12.png 12w, https:\/\/kidakstudio.com\/wp-content\/uploads\/2024\/10\/otd-cover-1.png 1080w\" sizes=\"(max-width: 810px) 100vw, 810px\" \/>        <a href=\"https:\/\/kidakstudio.com\/sr\/portfolio\/ontimedeliver-scm-software\/\" class=\"read-more\">\n\t\t\tRead More        <\/a>\n\t\t            <\/div>\n            <div class=\"content\">\n\t\t\t\t<h4 class=\"title\"><a href=\"https:\/\/kidakstudio.com\/sr\/portfolio\/ontimedeliver-scm-software\/\">OnTimeDeliver &#8211; SCM Software<\/a><\/h4><div class=\"categories\"><a href=\"https:\/\/kidakstudio.com\/sr\/portfolio-category\/software-development\/\" rel=\"tag\">Software Development<\/a><a href=\"https:\/\/kidakstudio.com\/sr\/portfolio-category\/web-app-development\/\" rel=\"tag\">Web App Development<\/a><\/div>            <\/div>\n        <\/div>\n\t\t        <\/div>\n\t\t\t\t<\/div>\n\t\t\t\t<\/div>\n\t\t\t\t<div class=\"elementor-element elementor-element-1a83d24 elementor-widget elementor-widget-spacer\" data-id=\"1a83d24\" data-element_type=\"widget\" data-widget_type=\"spacer.default\">\n\t\t\t\t<div class=\"elementor-widget-container\">\n\t\t\t\t\t<div class=\"elementor-spacer\">\n\t\t\t<div class=\"elementor-spacer-inner\"><\/div>\n\t\t<\/div>\n\t\t\t\t<\/div>\n\t\t\t\t<\/div>\n\t\t\t\t<div class=\"elementor-element elementor-element-5764a6b elementor-absolute elementor-widget elementor-widget-eigency-custom-shape\" data-id=\"5764a6b\" data-element_type=\"widget\" data-settings=\"{&quot;_position&quot;:&quot;absolute&quot;}\" data-widget_type=\"eigency-custom-shape.default\">\n\t\t\t\t<div class=\"elementor-widget-container\">\n\t\t\t        <div class=\"eigency-custom-shape shape-square shape-center\"><\/div>\n\t\t\t\t<\/div>\n\t\t\t\t<\/div>\n\t\t\t\t<\/div>\n\t\t\t\t\t<\/div>\n\t\t\t\t<\/div>\n\t\t<div class=\"elementor-element elementor-element-1d67bde e-flex e-con-boxed e-con e-parent\" data-id=\"1d67bde\" data-element_type=\"container\" data-core-v316-plus=\"true\">\n\t\t\t\t\t<div class=\"e-con-inner\">\n\t\t<div class=\"elementor-element elementor-element-2834bc9 e-flex e-con-boxed e-con e-child\" data-id=\"2834bc9\" data-element_type=\"container\">\n\t\t\t\t\t<div class=\"e-con-inner\">\n\t\t<div class=\"elementor-element elementor-element-b21b938 e-con-full e-flex e-con e-child\" data-id=\"b21b938\" data-element_type=\"container\">\n\t\t\t\t<div class=\"elementor-element elementor-element-9fffb00 elementor-widget__width-initial elementor-widget-mobile__width-initial elementor-invisible elementor-widget elementor-widget-image\" data-id=\"9fffb00\" data-element_type=\"widget\" data-settings=\"{&quot;_animation&quot;:&quot;fadeInRight&quot;}\" data-widget_type=\"image.default\">\n\t\t\t\t<div class=\"elementor-widget-container\">\n\t\t\t<style>\/*! elementor - v3.20.0 - 11-03-2024 *\/\n.elementor-widget-image{text-align:center}.elementor-widget-image a{display:inline-block}.elementor-widget-image a img[src$=\".svg\"]{width:48px}.elementor-widget-image img{vertical-align:middle;display:inline-block}<\/style>\t\t\t\t\t\t\t\t\t\t<img loading=\"lazy\" decoding=\"async\" width=\"497\" height=\"373\" src=\"https:\/\/kidakstudio.com\/wp-content\/uploads\/2024\/07\/Export-City-thumbnail-website.png\" class=\"attachment-large size-large wp-image-3457\" alt=\"Kidak Studio - Export City Thumbnail Website\" srcset=\"https:\/\/kidakstudio.com\/wp-content\/uploads\/2024\/07\/Export-City-thumbnail-website.png 497w, https:\/\/kidakstudio.com\/wp-content\/uploads\/2024\/07\/Export-City-thumbnail-website-300x225.png 300w, https:\/\/kidakstudio.com\/wp-content\/uploads\/2024\/07\/Export-City-thumbnail-website-16x12.png 16w\" sizes=\"(max-width: 497px) 100vw, 497px\" \/>\t\t\t\t\t\t\t\t\t\t\t\t\t<\/div>\n\t\t\t\t<\/div>\n\t\t\t\t<\/div>\n\t\t<div class=\"elementor-element elementor-element-1f6a326 e-con-full e-flex e-con e-child\" data-id=\"1f6a326\" data-element_type=\"container\">\n\t\t\t\t<div class=\"elementor-element elementor-element-4b55999 elementor-widget__width-initial elementor-invisible elementor-widget elementor-widget-eigency-section-title\" data-id=\"4b55999\" data-element_type=\"widget\" data-settings=\"{&quot;_animation&quot;:&quot;fadeInUp&quot;}\" data-widget_type=\"eigency-section-title.default\">\n\t\t\t\t<div class=\"elementor-widget-container\">\n\t\t\t\t\t<div class=\"eigency-section-title\">\r\n\t\t\t\t\t\t\t<span class=\"subtitle\">\r\n\t\t\t\t\t\u0160ta na\u0161i klijenti ka\u017eu\t\t\t\t<\/span>\r\n\t\t\t\t\t\t\t\t<\/div>\r\n\t\t\t\t<\/div>\n\t\t\t\t<\/div>\n\t\t\t\t<div class=\"elementor-element elementor-element-805811a elementor-invisible elementor-widget elementor-widget-eigency-testimonial-carousel\" data-id=\"805811a\" data-element_type=\"widget\" data-settings=\"{&quot;_animation&quot;:&quot;fadeInUp&quot;,&quot;_animation_delay&quot;:100,&quot;slides_per_view&quot;:1,&quot;slides_per_view_laptop&quot;:1,&quot;slides_per_view_tablet_extra&quot;:1,&quot;slides_per_view_tablet&quot;:1,&quot;slides_per_view_mobile&quot;:1,&quot;slides_to_scroll&quot;:1,&quot;slides_to_scroll_laptop&quot;:1,&quot;slides_to_scroll_tablet_extra&quot;:1,&quot;slides_to_scroll_tablet&quot;:1,&quot;slides_to_scroll_mobile&quot;:1,&quot;loop&quot;:&quot;yes&quot;,&quot;speed&quot;:500}\" data-widget_type=\"eigency-testimonial-carousel.default\">\n\t\t\t\t<div class=\"elementor-widget-container\">\n\t\t\t        <div class=\"eigency-testimonial-carousel eigency-carousel-wrapper author-info-bottom\">\r\n            <div class=\"eigency-carousel-active\">\r\n\t\t\t\t                    <div class=\"eigency-carousel-item single-testimonial-item\">\r\n\t\t\t\t\t\t                        <div class=\"testimonial-content\">\r\n\t\t\t\t\t\t\t\t\t\t\t\t\t\t<p class=\"description\">Na\u0161a saradnja sa KIDAK Studiom rezultovala je potpunim rebrandingom, koji je uklju\u010divao novi vizuelni identitet, dizajn logotipa i dizajn web sajta. Dodatno, razvili smo web sistem za naru\u010divanje i pra\u0107enje kamiona, \u010dime smo zna\u010dajno unaprijedili logisti\u010dku efikasnost. Veoma smo zadovoljni krajnjim rezultatom i radujemo se nastavku saradnje sa ovim timom.<\/p>                        <\/div>\r\n\t\t\t\t\t\t        <div class=\"testimonial-author\">\r\n\t\t\t<div class=\"author-photo\"><img decoding=\"async\" src=\"https:\/\/kidakstudio.com\/wp-content\/uploads\/2024\/07\/AmirTurcinovic-Export-City.jpg\" title=\"Amir Turcinovic Export City\" alt=\"Amir Turcinovic Export City\" loading=\"lazy\" \/><\/div>            <div class=\"author-info\">\r\n\t\t\t\t<h5 class=\"author-name\">Amir Turcinovi\u0107<\/h5><span class=\"author-job-title\">Suosniva\u010d Export City<\/span>            <\/div>\r\n        <\/div>\r\n\t\t                    <\/div>\r\n\t\t\t\t            <\/div>\r\n\t                <\/div>\r\n\t\t\t\t<\/div>\n\t\t\t\t<\/div>\n\t\t\t\t<\/div>\n\t\t\t\t\t<\/div>\n\t\t\t\t<\/div>\n\t\t\t\t\t<\/div>\n\t\t\t\t<\/div>\n\t\t\t\t<\/div>","protected":false},"excerpt":{"rendered":"<p>Projects we&#8217;ve brought to life Read More A Med &#8211; Brand Identity Brand IdentityProduct DesignVisual Design Read More Restoran Park &#8211; Rebranding Brand IdentityDirectionRedesignWebsite Development Read More Export City &#8211; Brand Identity Brand IdentityVisual DesignWebsite Development Read More OnTimeDeliver &#8211; SCM Software Custom Web AppProduct DesignSoftware DevelopmentWeb App Development What our client says Our collaboration [&hellip;]<\/p>","protected":false},"author":1,"featured_media":0,"parent":0,"menu_order":0,"comment_status":"closed","ping_status":"closed","template":"","meta":{"om_disable_all_campaigns":false,"_monsterinsights_skip_tracking":false,"_monsterinsights_sitenote_active":false,"_monsterinsights_sitenote_note":"","_monsterinsights_sitenote_category":0,"_uf_show_specific_survey":0,"_uf_disable_surveys":false,"footnotes":""},"class_list":["post-706","page","type-page","status-publish","hentry"],"aioseo_notices":[],"_links":{"self":[{"href":"https:\/\/kidakstudio.com\/sr\/wp-json\/wp\/v2\/pages\/706","targetHints":{"allow":["GET"]}}],"collection":[{"href":"https:\/\/kidakstudio.com\/sr\/wp-json\/wp\/v2\/pages"}],"about":[{"href":"https:\/\/kidakstudio.com\/sr\/wp-json\/wp\/v2\/types\/page"}],"author":[{"embeddable":true,"href":"https:\/\/kidakstudio.com\/sr\/wp-json\/wp\/v2\/users\/1"}],"replies":[{"embeddable":true,"href":"https:\/\/kidakstudio.com\/sr\/wp-json\/wp\/v2\/comments?post=706"}],"version-history":[{"count":48,"href":"https:\/\/kidakstudio.com\/sr\/wp-json\/wp\/v2\/pages\/706\/revisions"}],"predecessor-version":[{"id":4594,"href":"https:\/\/kidakstudio.com\/sr\/wp-json\/wp\/v2\/pages\/706\/revisions\/4594"}],"wp:attachment":[{"href":"https:\/\/kidakstudio.com\/sr\/wp-json\/wp\/v2\/media?parent=706"}],"curies":[{"name":"wp","href":"https:\/\/api.w.org\/{rel}","templated":true}]}}