{"id":4568,"date":"2024-10-05T10:01:08","date_gmt":"2024-10-05T10:01:08","guid":{"rendered":"https:\/\/kidakstudio.com\/?page_id=4568"},"modified":"2024-10-05T10:02:01","modified_gmt":"2024-10-05T10:02:01","slug":"restoran-park-rebranding","status":"publish","type":"page","link":"https:\/\/kidakstudio.com\/sr\/our-projects\/restoran-park-rebranding\/","title":{"rendered":"Restoran Park &#8211; Rebranding"},"content":{"rendered":"<div data-elementor-type=\"wp-page\" data-elementor-id=\"4568\" class=\"elementor elementor-4568\">\n\t\t\t\t<div class=\"elementor-element elementor-element-685d261 e-flex e-con-boxed e-con e-parent\" data-id=\"685d261\" data-element_type=\"container\" data-core-v316-plus=\"true\">\n\t\t\t\t\t<div class=\"e-con-inner\">\n\t\t\t\t<div class=\"elementor-element elementor-element-5391d07 elementor-widget__width-inherit elementor-widget elementor-widget-image\" data-id=\"5391d07\" data-element_type=\"widget\" data-widget_type=\"image.default\">\n\t\t\t\t<div class=\"elementor-widget-container\">\n\t\t\t<style>\/*! elementor - v3.20.0 - 11-03-2024 *\/\n.elementor-widget-image{text-align:center}.elementor-widget-image a{display:inline-block}.elementor-widget-image a img[src$=\".svg\"]{width:48px}.elementor-widget-image img{vertical-align:middle;display:inline-block}<\/style>\t\t\t\t\t\t\t\t\t\t<img fetchpriority=\"high\" decoding=\"async\" width=\"1933\" height=\"1120\" src=\"https:\/\/kidakstudio.com\/wp-content\/uploads\/2024\/01\/Restoran-Park-Case-Study-Hero-Image.png\" class=\"attachment-full size-full wp-image-3323\" alt=\"Kidak Studio Case Study Restoran Park\" srcset=\"https:\/\/kidakstudio.com\/wp-content\/uploads\/2024\/01\/Restoran-Park-Case-Study-Hero-Image.png 1933w, https:\/\/kidakstudio.com\/wp-content\/uploads\/2024\/01\/Restoran-Park-Case-Study-Hero-Image-300x174.png 300w, https:\/\/kidakstudio.com\/wp-content\/uploads\/2024\/01\/Restoran-Park-Case-Study-Hero-Image-1024x593.png 1024w, https:\/\/kidakstudio.com\/wp-content\/uploads\/2024\/01\/Restoran-Park-Case-Study-Hero-Image-768x445.png 768w, https:\/\/kidakstudio.com\/wp-content\/uploads\/2024\/01\/Restoran-Park-Case-Study-Hero-Image-1536x890.png 1536w, https:\/\/kidakstudio.com\/wp-content\/uploads\/2024\/01\/Restoran-Park-Case-Study-Hero-Image-18x10.png 18w\" sizes=\"(max-width: 1933px) 100vw, 1933px\" \/>\t\t\t\t\t\t\t\t\t\t\t\t\t<\/div>\n\t\t\t\t<\/div>\n\t\t\t\t\t<\/div>\n\t\t\t\t<\/div>\n\t\t<div class=\"elementor-element elementor-element-4d2ef1e e-flex e-con-boxed e-con e-parent\" data-id=\"4d2ef1e\" data-element_type=\"container\" data-core-v316-plus=\"true\">\n\t\t\t\t\t<div class=\"e-con-inner\">\n\t\t<div class=\"elementor-element elementor-element-b18a022 e-con-full e-flex e-con e-child\" data-id=\"b18a022\" data-element_type=\"container\">\n\t\t<div class=\"elementor-element elementor-element-d756fe5 e-con-full e-flex e-con e-child\" data-id=\"d756fe5\" data-element_type=\"container\">\n\t\t\t\t<div class=\"elementor-element elementor-element-37fd52a elementor-icon-list--layout-inline elementor-align-left elementor-list-item-link-full_width elementor-widget elementor-widget-icon-list\" data-id=\"37fd52a\" data-element_type=\"widget\" data-widget_type=\"icon-list.default\">\n\t\t\t\t<div class=\"elementor-widget-container\">\n\t\t\t<link rel=\"stylesheet\" href=\"https:\/\/kidakstudio.com\/wp-content\/uploads\/elementor\/css\/custom-widget-icon-list.min.css?ver=1725885200\">\t\t<ul class=\"elementor-icon-list-items elementor-inline-items\">\n\t\t\t\t\t\t\t<li class=\"elementor-icon-list-item elementor-inline-item\">\n\t\t\t\t\t\t\t\t\t\t<span class=\"elementor-icon-list-text\">KLIJENT : <span style=\"color: var(--eigency-primary-color)\"> Restoran Park<\/span><\/span>\n\t\t\t\t\t\t\t\t\t<\/li>\n\t\t\t\t\t\t\t\t<li class=\"elementor-icon-list-item elementor-inline-item\">\n\t\t\t\t\t\t\t\t\t\t<span class=\"elementor-icon-list-text\">USLUGA : <span style=\"color: var(--eigency-primary-color)\">Brending | Izrada i dizajn web stranice<\/span><\/span>\n\t\t\t\t\t\t\t\t\t<\/li>\n\t\t\t\t\t\t<\/ul>\n\t\t\t\t<\/div>\n\t\t\t\t<\/div>\n\t\t\t\t<div class=\"elementor-element elementor-element-1bce73f elementor-widget elementor-widget-eigency-button\" data-id=\"1bce73f\" data-element_type=\"widget\" data-widget_type=\"eigency-button.default\">\n\t\t\t\t<div class=\"elementor-widget-container\">\n\t\t\t        <div class=\"eigency-button-wrapper\">\r\n            <a class=\"eigency-button icon-none\" href=\"http:\/\/restoran-park.com\">\r\n\t\t\t\t<span class=\"button-text\">\r\n\t\t\t\t\tPogledaj sajt        \t\t<\/span>\r\n\t\t\t\t            <\/a>\r\n        <\/div>\r\n\t\t\t\t<\/div>\n\t\t\t\t<\/div>\n\t\t\t\t<\/div>\n\t\t\t\t<div class=\"elementor-element elementor-element-a0a0591 elementor-widget elementor-widget-eigency-section-title\" data-id=\"a0a0591\" data-element_type=\"widget\" data-widget_type=\"eigency-section-title.default\">\n\t\t\t\t<div class=\"elementor-widget-container\">\n\t\t\t\t\t<div class=\"eigency-section-title\">\r\n\t\t\t\t\t\t\t<span class=\"subtitle\">\r\n\t\t\t\t\tBrending &amp; Dizajn i izrada web stranice\t\t\t\t<\/span>\r\n\t\t\t\t\t\t<h3 class=\"title\">Restoran Park - Brending<\/h3>\t\t<\/div>\r\n\t\t\t\t<\/div>\n\t\t\t\t<\/div>\n\t\t<div class=\"elementor-element elementor-element-099b216 e-con-full e-flex e-con e-child\" data-id=\"099b216\" data-element_type=\"container\">\n\t\t\t\t<div class=\"elementor-element elementor-element-8a8bc84 elementor-widget__width-initial elementor-widget-mobile__width-inherit elementor-widget elementor-widget-text-editor\" data-id=\"8a8bc84\" data-element_type=\"widget\" data-widget_type=\"text-editor.default\">\n\t\t\t\t<div class=\"elementor-widget-container\">\n\t\t\t<style>\/*! elementor - v3.20.0 - 11-03-2024 *\/\n.elementor-widget-text-editor.elementor-drop-cap-view-stacked .elementor-drop-cap{background-color:#69727d;color:#fff}.elementor-widget-text-editor.elementor-drop-cap-view-framed .elementor-drop-cap{color:#69727d;border:3px solid;background-color:transparent}.elementor-widget-text-editor:not(.elementor-drop-cap-view-default) .elementor-drop-cap{margin-top:8px}.elementor-widget-text-editor:not(.elementor-drop-cap-view-default) .elementor-drop-cap-letter{width:1em;height:1em}.elementor-widget-text-editor .elementor-drop-cap{float:left;text-align:center;line-height:1;font-size:50px}.elementor-widget-text-editor .elementor-drop-cap-letter{display:inline-block}<\/style>\t\t\t\t<p>Na\u0161a agencija je ponosna  \u0161to je imala priliku da sara\u0111uje sa restoranom Park, poznatim mjestom gdje se prijatelji i porodice okupljaju da dijele posebne trenutke jo\u0161 od 1995. godine. Restoran je \u017eelio ribrendiranje kako bi se uskladio sa modernim trendovima i pobolj\u0161ao svoju digitalnu prisutnost. Na\u0161 zadatak bio je da modernizujemo vizuelni identitet restorana, dizajniramo novi logo i kreiramo veb sajt koji odra\u017eava njegovu jedinstvenu atmosferu i ambijent.<\/p>\t\t\t\t\t\t<\/div>\n\t\t\t\t<\/div>\n\t\t\t\t<\/div>\n\t\t<div class=\"elementor-element elementor-element-1446c12 e-flex e-con-boxed e-con e-child\" data-id=\"1446c12\" data-element_type=\"container\">\n\t\t\t\t\t<div class=\"e-con-inner\">\n\t\t<div class=\"elementor-element elementor-element-47ab91b e-flex e-con-boxed e-con e-child\" data-id=\"47ab91b\" data-element_type=\"container\">\n\t\t\t\t\t<div class=\"e-con-inner\">\n\t\t\t\t<div class=\"elementor-element elementor-element-9c8f2b9 elementor-widget elementor-widget-image\" data-id=\"9c8f2b9\" data-element_type=\"widget\" data-widget_type=\"image.default\">\n\t\t\t\t<div class=\"elementor-widget-container\">\n\t\t\t\t\t\t\t\t\t\t\t\t\t<img decoding=\"async\" src=\"https:\/\/kidakstudio.com\/wp-content\/uploads\/elementor\/thumbs\/Restoran-Park-Case-Study-Logo-qrar9map5cwe48od33ifg2bhzcjkxd1lpp75y7itsu.png\" title=\"Restoran Park &#8211; Case Study Logo\" alt=\"Kidak Studio Case Study Restoran Park Logo\" loading=\"lazy\" \/>\t\t\t\t\t\t\t\t\t\t\t\t\t<\/div>\n\t\t\t\t<\/div>\n\t\t\t\t<div class=\"elementor-element elementor-element-28e951e elementor-widget elementor-widget-spacer\" data-id=\"28e951e\" data-element_type=\"widget\" data-widget_type=\"spacer.default\">\n\t\t\t\t<div class=\"elementor-widget-container\">\n\t\t\t<style>\/*! elementor - v3.20.0 - 11-03-2024 *\/\n.elementor-column .elementor-spacer-inner{height:var(--spacer-size)}.e-con{--container-widget-width:100%}.e-con-inner>.elementor-widget-spacer,.e-con>.elementor-widget-spacer{width:var(--container-widget-width,var(--spacer-size));--align-self:var(--container-widget-align-self,initial);--flex-shrink:0}.e-con-inner>.elementor-widget-spacer>.elementor-widget-container,.e-con>.elementor-widget-spacer>.elementor-widget-container{height:100%;width:100%}.e-con-inner>.elementor-widget-spacer>.elementor-widget-container>.elementor-spacer,.e-con>.elementor-widget-spacer>.elementor-widget-container>.elementor-spacer{height:100%}.e-con-inner>.elementor-widget-spacer>.elementor-widget-container>.elementor-spacer>.elementor-spacer-inner,.e-con>.elementor-widget-spacer>.elementor-widget-container>.elementor-spacer>.elementor-spacer-inner{height:var(--container-widget-height,var(--spacer-size))}.e-con-inner>.elementor-widget-spacer.elementor-widget-empty,.e-con>.elementor-widget-spacer.elementor-widget-empty{position:relative;min-height:22px;min-width:22px}.e-con-inner>.elementor-widget-spacer.elementor-widget-empty .elementor-widget-empty-icon,.e-con>.elementor-widget-spacer.elementor-widget-empty .elementor-widget-empty-icon{position:absolute;top:0;bottom:0;left:0;right:0;margin:auto;padding:0;width:22px;height:22px}<\/style>\t\t<div class=\"elementor-spacer\">\n\t\t\t<div class=\"elementor-spacer-inner\"><\/div>\n\t\t<\/div>\n\t\t\t\t<\/div>\n\t\t\t\t<\/div>\n\t\t\t\t\t<\/div>\n\t\t\t\t<\/div>\n\t\t\t\t<div class=\"elementor-element elementor-element-c90a0ef elementor-widget__width-initial elementor-widget-mobile__width-inherit elementor-widget elementor-widget-heading\" data-id=\"c90a0ef\" data-element_type=\"widget\" data-widget_type=\"heading.default\">\n\t\t\t\t<div class=\"elementor-widget-container\">\n\t\t\t<style>\/*! elementor - v3.20.0 - 11-03-2024 *\/\n.elementor-heading-title{padding:0;margin:0;line-height:1}.elementor-widget-heading .elementor-heading-title[class*=elementor-size-]>a{color:inherit;font-size:inherit;line-height:inherit}.elementor-widget-heading .elementor-heading-title.elementor-size-small{font-size:15px}.elementor-widget-heading .elementor-heading-title.elementor-size-medium{font-size:19px}.elementor-widget-heading .elementor-heading-title.elementor-size-large{font-size:29px}.elementor-widget-heading .elementor-heading-title.elementor-size-xl{font-size:39px}.elementor-widget-heading .elementor-heading-title.elementor-size-xxl{font-size:59px}<\/style><h2 class=\"elementor-heading-title elementor-size-default\">Na\u0161 pristup<\/h2>\t\t<\/div>\n\t\t\t\t<\/div>\n\t\t\t\t<div class=\"elementor-element elementor-element-51f9f16 elementor-widget__width-initial elementor-widget-mobile__width-inherit elementor-widget elementor-widget-text-editor\" data-id=\"51f9f16\" data-element_type=\"widget\" data-widget_type=\"text-editor.default\">\n\t\t\t\t<div class=\"elementor-widget-container\">\n\t\t\t\t\t\t\t<p>Na\u0161 prvi korak bio je kreiranje novog logotipa koji bi postao kamen temeljac vizuelnog identiteta restorana. Inspiraciju smo crpjeli iz lokacije restorana, smje\u0161tenog pored gradskog parka. Kombinacija slova \u201eP\u201c i simbola drveta evocira osje\u0107aj mira i harmonije. Rezultat je elegantan i prepoznatljiv logotip koji se savr\u0161eno uklapa  moderan izgled restorana Park.<\/p><p>Sljede\u0107i korak bio je redizajn web sajta. Znali smo da treba da bude jednostavan za navigaciju i vizualno privla\u010dan, dok istovremeno prenosi sve klju\u010dne informacije o uslugama restorana. Kreirali smo sekciju sa fotografijama prethodnih doga\u0111aja, istakli ponu\u0111ene usluge restorana i dizajnirali stranicu \"O nama\" koja pri\u010da pri\u010du o restoranu. Tako\u0111e smo dodali kontakt formu kako bismo olak\u0161ali korisnicima da se obrate menad\u017eeru za rezervacije i po\u0161alju upite.<\/p><p>Na\u0161a misija je bila da kreiramo digitalni prostor koji prenosi karakter restorana Park i privla\u010di nove posjetioce. Rezultat je veb sajt koji kombinuje vizuelnu privla\u010dnost sa funkcionalno\u0161\u0107u, pru\u017eaju\u0107i korisnicima jednostavan pristup informacijama i osje\u0107aj jedinstvene atmosfere restorana. Sa novim logotipom i modernim dizajnom, restoran Park sada ima sve \u0161to treba da nastavi stvaranje posebnih uspomena za svoje goste.<\/p><p>Odlu\u010dili smo se za sofisticiranu paletu zlatne i tamnosive boje i razvili vizuelni jezik prilago\u0111en kako bi Restoran Park izdvojili u domenu veb sajtova za vjen\u010danja sa tamnom tematikom. Nastojali smo da stvorimo moderni i sofisticirani vizuelni identitet koji uklju\u010duje logo, tipografiju i slike koje se uskla\u0111uju sa su\u0161tinom njihovog brenda.<\/p><p>Kako bismo osigurali besprijekoran korisni\u010dki do\u017eivljaj i vizuelnu privla\u010dnost na svim ure\u0111ajima, pru\u017eili smo sveobuhvatne usluge dizajna korisni\u010dkog iskustva i korisni\u010dkog interfejsa. Ovo je obuhvatalo sve od skica i detaljnih prikaza do zavr\u0161nih faza dizajna i razvoja.<\/p>\t\t\t\t\t\t<\/div>\n\t\t\t\t<\/div>\n\t\t<div class=\"elementor-element elementor-element-9e1e000 e-flex e-con-boxed e-con e-child\" data-id=\"9e1e000\" data-element_type=\"container\">\n\t\t\t\t\t<div class=\"e-con-inner\">\n\t\t\t\t<div class=\"elementor-element elementor-element-05b2959 elementor-widget elementor-widget-spacer\" data-id=\"05b2959\" data-element_type=\"widget\" data-widget_type=\"spacer.default\">\n\t\t\t\t<div class=\"elementor-widget-container\">\n\t\t\t\t\t<div class=\"elementor-spacer\">\n\t\t\t<div class=\"elementor-spacer-inner\"><\/div>\n\t\t<\/div>\n\t\t\t\t<\/div>\n\t\t\t\t<\/div>\n\t\t\t\t<div class=\"elementor-element elementor-element-402e69b elementor-widget elementor-widget-spacer\" data-id=\"402e69b\" data-element_type=\"widget\" data-widget_type=\"spacer.default\">\n\t\t\t\t<div class=\"elementor-widget-container\">\n\t\t\t\t\t<div class=\"elementor-spacer\">\n\t\t\t<div class=\"elementor-spacer-inner\"><\/div>\n\t\t<\/div>\n\t\t\t\t<\/div>\n\t\t\t\t<\/div>\n\t\t\t\t<div class=\"elementor-element elementor-element-73471e6 elementor-widget elementor-widget-image\" data-id=\"73471e6\" data-element_type=\"widget\" data-widget_type=\"image.default\">\n\t\t\t\t<div class=\"elementor-widget-container\">\n\t\t\t\t\t\t\t\t\t\t\t\t\t<img decoding=\"async\" src=\"https:\/\/kidakstudio.com\/wp-content\/uploads\/elementor\/thumbs\/kidak-studio-portfolio-restoran-park-branding-website-colors-qnm36rxo1fir8juzmgov2eqdmcxc6mt1tcmggnsm7s.png\" title=\"Kidak Studio &#8211; Restoran Park &#8211; Colors\" alt=\"Kidak Studio - Restoran Park - Colors\" loading=\"lazy\" \/>\t\t\t\t\t\t\t\t\t\t\t\t\t<\/div>\n\t\t\t\t<\/div>\n\t\t\t\t\t<\/div>\n\t\t\t\t<\/div>\n\t\t<div class=\"elementor-element elementor-element-02dfe06 e-flex e-con-boxed e-con e-child\" data-id=\"02dfe06\" data-element_type=\"container\">\n\t\t\t\t\t<div class=\"e-con-inner\">\n\t\t\t\t<div class=\"elementor-element elementor-element-178b04c elementor-widget elementor-widget-image\" data-id=\"178b04c\" data-element_type=\"widget\" data-widget_type=\"image.default\">\n\t\t\t\t<div class=\"elementor-widget-container\">\n\t\t\t\t\t\t\t\t\t\t\t\t\t<img decoding=\"async\" src=\"https:\/\/kidakstudio.com\/wp-content\/uploads\/elementor\/thumbs\/Restoran-Park-Case-Study-Typography-Imagery-qrardelaoc2og1c02fp6fs914cvgkvd6fyl9wis3ts.png\" title=\"Restoran Park &#8211; Case Study Typography Imagery\" alt=\"Kidak Studio Restoran Park Typography\" loading=\"lazy\" \/>\t\t\t\t\t\t\t\t\t\t\t\t\t<\/div>\n\t\t\t\t<\/div>\n\t\t\t\t\t<\/div>\n\t\t\t\t<\/div>\n\t\t<div class=\"elementor-element elementor-element-4dda42b e-flex e-con-boxed e-con e-child\" data-id=\"4dda42b\" data-element_type=\"container\">\n\t\t\t\t\t<div class=\"e-con-inner\">\n\t\t\t\t<div class=\"elementor-element elementor-element-52f45c1 elementor-widget elementor-widget-image\" data-id=\"52f45c1\" data-element_type=\"widget\" data-widget_type=\"image.default\">\n\t\t\t\t<div class=\"elementor-widget-container\">\n\t\t\t\t\t\t\t\t\t\t\t\t\t<img decoding=\"async\" src=\"https:\/\/kidakstudio.com\/wp-content\/uploads\/elementor\/thumbs\/Restoran-Park-Case-Study-Business-Cards-qrarg83v6fym9hw2pqpzpfb4qg4hjun42kuesrk6xa.png\" title=\"Restoran Park &#8211; Case Study Business Cards\" alt=\"Restoran Park - Case Study Business Cards\" loading=\"lazy\" \/>\t\t\t\t\t\t\t\t\t\t\t\t\t<\/div>\n\t\t\t\t<\/div>\n\t\t\t\t\t<\/div>\n\t\t\t\t<\/div>\n\t\t\t\t\t<\/div>\n\t\t\t\t<\/div>\n\t\t\t\t<\/div>\n\t\t\t\t\t<\/div>\n\t\t\t\t<\/div>\n\t\t<div class=\"elementor-element elementor-element-6816bff e-flex e-con-boxed e-con e-parent\" data-id=\"6816bff\" data-element_type=\"container\" data-core-v316-plus=\"true\">\n\t\t\t\t\t<div class=\"e-con-inner\">\n\t\t\t\t<div class=\"elementor-element elementor-element-b1360c3 elementor-widget-mobile__width-initial elementor-widget elementor-widget-image\" data-id=\"b1360c3\" data-element_type=\"widget\" data-widget_type=\"image.default\">\n\t\t\t\t<div class=\"elementor-widget-container\">\n\t\t\t\t\t\t\t\t\t\t\t\t\t<img decoding=\"async\" src=\"https:\/\/kidakstudio.com\/wp-content\/uploads\/elementor\/thumbs\/Restoran-Park-Case-Study-Business-Cards-1-qrarigxzi705a54bobowvx01utxw3pbkogevmz1jd4.png\" title=\"Restoran Park &#8211; Case Study Business Cards\" alt=\"Restoran Park - Case Study Business Cards\" loading=\"lazy\" \/>\t\t\t\t\t\t\t\t\t\t\t\t\t<\/div>\n\t\t\t\t<\/div>\n\t\t\t\t<div class=\"elementor-element elementor-element-6f9e8d6 elementor-widget elementor-widget-spacer\" data-id=\"6f9e8d6\" data-element_type=\"widget\" data-widget_type=\"spacer.default\">\n\t\t\t\t<div class=\"elementor-widget-container\">\n\t\t\t\t\t<div class=\"elementor-spacer\">\n\t\t\t<div class=\"elementor-spacer-inner\"><\/div>\n\t\t<\/div>\n\t\t\t\t<\/div>\n\t\t\t\t<\/div>\n\t\t\t\t\t<\/div>\n\t\t\t\t<\/div>\n\t\t<div class=\"elementor-element elementor-element-5e02063 e-flex e-con-boxed e-con e-parent\" data-id=\"5e02063\" data-element_type=\"container\" data-core-v316-plus=\"true\">\n\t\t\t\t\t<div class=\"e-con-inner\">\n\t\t\t\t<div class=\"elementor-element elementor-element-a2885ba elementor-widget elementor-widget-image\" data-id=\"a2885ba\" data-element_type=\"widget\" data-widget_type=\"image.default\">\n\t\t\t\t<div class=\"elementor-widget-container\">\n\t\t\t\t\t\t\t\t\t\t\t\t\t<img decoding=\"async\" src=\"https:\/\/kidakstudio.com\/wp-content\/uploads\/elementor\/thumbs\/Restoran-Park-Case-Study-Website-Social-Media-Design-qrarkboizflfy8k7c1fpldr457bhbw4g97vd80cn8a.png\" title=\"Restoran Park &#8211; Case Study Website Social Media Design\" alt=\"Kidak Studio Restoran Park Social Media Design\" loading=\"lazy\" \/>\t\t\t\t\t\t\t\t\t\t\t\t\t<\/div>\n\t\t\t\t<\/div>\n\t\t\t\t\t<\/div>\n\t\t\t\t<\/div>\n\t\t<div class=\"elementor-element elementor-element-fbe56e3 e-flex e-con-boxed e-con e-parent\" data-id=\"fbe56e3\" data-element_type=\"container\" data-core-v316-plus=\"true\">\n\t\t\t\t\t<div class=\"e-con-inner\">\n\t\t\t\t<div class=\"elementor-element elementor-element-55d4afd elementor-widget elementor-widget-spacer\" data-id=\"55d4afd\" data-element_type=\"widget\" data-widget_type=\"spacer.default\">\n\t\t\t\t<div class=\"elementor-widget-container\">\n\t\t\t\t\t<div class=\"elementor-spacer\">\n\t\t\t<div class=\"elementor-spacer-inner\"><\/div>\n\t\t<\/div>\n\t\t\t\t<\/div>\n\t\t\t\t<\/div>\n\t\t\t\t\t<\/div>\n\t\t\t\t<\/div>\n\t\t\t\t<\/div>","protected":false},"excerpt":{"rendered":"<p>CLIENT : Restoran Park SERVICES : Brand Identity | Web Design &amp; Dev. Live Website Brand Identity &amp; Website Development Restoran Park &#8211; Brand Identity Our agency is proud to have had the opportunity to work with Restaurant Park, a well-known spot where friends and families have gathered to share special moments since 1995. The [&hellip;]<\/p>","protected":false},"author":1,"featured_media":0,"parent":706,"menu_order":1,"comment_status":"closed","ping_status":"closed","template":"","meta":{"om_disable_all_campaigns":false,"_monsterinsights_skip_tracking":false,"_monsterinsights_sitenote_active":false,"_monsterinsights_sitenote_note":"","_monsterinsights_sitenote_category":0,"_uf_show_specific_survey":0,"_uf_disable_surveys":false,"footnotes":""},"class_list":["post-4568","page","type-page","status-publish","hentry"],"aioseo_notices":[],"_links":{"self":[{"href":"https:\/\/kidakstudio.com\/sr\/wp-json\/wp\/v2\/pages\/4568","targetHints":{"allow":["GET"]}}],"collection":[{"href":"https:\/\/kidakstudio.com\/sr\/wp-json\/wp\/v2\/pages"}],"about":[{"href":"https:\/\/kidakstudio.com\/sr\/wp-json\/wp\/v2\/types\/page"}],"author":[{"embeddable":true,"href":"https:\/\/kidakstudio.com\/sr\/wp-json\/wp\/v2\/users\/1"}],"replies":[{"embeddable":true,"href":"https:\/\/kidakstudio.com\/sr\/wp-json\/wp\/v2\/comments?post=4568"}],"version-history":[{"count":4,"href":"https:\/\/kidakstudio.com\/sr\/wp-json\/wp\/v2\/pages\/4568\/revisions"}],"predecessor-version":[{"id":4572,"href":"https:\/\/kidakstudio.com\/sr\/wp-json\/wp\/v2\/pages\/4568\/revisions\/4572"}],"up":[{"embeddable":true,"href":"https:\/\/kidakstudio.com\/sr\/wp-json\/wp\/v2\/pages\/706"}],"wp:attachment":[{"href":"https:\/\/kidakstudio.com\/sr\/wp-json\/wp\/v2\/media?parent=4568"}],"curies":[{"name":"wp","href":"https:\/\/api.w.org\/{rel}","templated":true}]}}