{"id":444,"date":"2024-01-11T09:12:13","date_gmt":"2024-01-11T09:12:13","guid":{"rendered":"https:\/\/krucialthemes.com\/eigency\/?page_id=444"},"modified":"2024-10-25T08:47:05","modified_gmt":"2024-10-25T08:47:05","slug":"services","status":"publish","type":"page","link":"https:\/\/kidakstudio.com\/sr\/services\/","title":{"rendered":"Servisi"},"content":{"rendered":"<div data-elementor-type=\"wp-page\" data-elementor-id=\"444\" class=\"elementor elementor-444\">\n\t\t\t\t<div class=\"elementor-element elementor-element-123cf53 e-flex e-con-boxed e-con e-parent\" data-id=\"123cf53\" data-element_type=\"container\" data-settings=\"{&quot;background_background&quot;:&quot;classic&quot;}\" data-core-v316-plus=\"true\">\n\t\t\t\t\t<div class=\"e-con-inner\">\n\t\t<div class=\"elementor-element elementor-element-2ee6d01 e-con-full e-flex e-con e-child\" data-id=\"2ee6d01\" data-element_type=\"container\">\n\t\t\t\t<div class=\"elementor-element elementor-element-62feacb elementor-widget__width-initial elementor-invisible elementor-widget elementor-widget-eigency-section-title\" data-id=\"62feacb\" data-element_type=\"widget\" data-settings=\"{&quot;_animation&quot;:&quot;fadeInRight&quot;}\" data-widget_type=\"eigency-section-title.default\">\n\t\t\t\t<div class=\"elementor-widget-container\">\n\t\t\t\t\t<div class=\"eigency-section-title\">\r\n\t\t\t\t\t\t\t<span class=\"subtitle\">\r\n\t\t\t\t\tNA\u0160A EKSPERTIZA\t\t\t\t<\/span>\r\n\t\t\t\t\t\t<h2 class=\"title\">Digitalna agencija: Kreiramo prilago\u0111ena marketin\u0161ka rje\u0161enja za Va\u0161 uspjeh<\/h2>\t\t<\/div>\r\n\t\t\t\t<\/div>\n\t\t\t\t<\/div>\n\t\t\t\t<div class=\"elementor-element elementor-element-94c697b elementor-widget__width-initial elementor-invisible elementor-widget elementor-widget-text-editor\" data-id=\"94c697b\" data-element_type=\"widget\" data-settings=\"{&quot;_animation&quot;:&quot;fadeInLeft&quot;}\" data-widget_type=\"text-editor.default\">\n\t\t\t\t<div class=\"elementor-widget-container\">\n\t\t\t<style>\/*! elementor - v3.20.0 - 11-03-2024 *\/\n.elementor-widget-text-editor.elementor-drop-cap-view-stacked .elementor-drop-cap{background-color:#69727d;color:#fff}.elementor-widget-text-editor.elementor-drop-cap-view-framed .elementor-drop-cap{color:#69727d;border:3px solid;background-color:transparent}.elementor-widget-text-editor:not(.elementor-drop-cap-view-default) .elementor-drop-cap{margin-top:8px}.elementor-widget-text-editor:not(.elementor-drop-cap-view-default) .elementor-drop-cap-letter{width:1em;height:1em}.elementor-widget-text-editor .elementor-drop-cap{float:left;text-align:center;line-height:1;font-size:50px}.elementor-widget-text-editor .elementor-drop-cap-letter{display:inline-block}<\/style>\t\t\t\t<p>Posve\u0107eni smo isporuci personalizovanih digitalnih marketin\u0161kih strategija koje se savr\u0161eno uskla\u0111uju sa va\u0161im poslovnim ciljevima. Sa dubokim razumijevanjem stalno promjenjivog digitalnog okru\u017eenja, stvaramo inovativna rje\u0161enja dizajnirana da podstaknu rast, pove\u0107aju anga\u017eman i postignu mjerljive rezultate.<\/p>\t\t\t\t\t\t<\/div>\n\t\t\t\t<\/div>\n\t\t\t\t<div class=\"elementor-element elementor-element-28b9ef8 elementor-absolute elementor-widget elementor-widget-eigency-custom-shape\" data-id=\"28b9ef8\" data-element_type=\"widget\" data-settings=\"{&quot;_position&quot;:&quot;absolute&quot;}\" data-widget_type=\"eigency-custom-shape.default\">\n\t\t\t\t<div class=\"elementor-widget-container\">\n\t\t\t        <div class=\"eigency-custom-shape shape-circle\"><\/div>\n\t\t\t\t<\/div>\n\t\t\t\t<\/div>\n\t\t\t\t<\/div>\n\t\t<div class=\"elementor-element elementor-element-721e450 e-con-full e-flex e-con e-child\" data-id=\"721e450\" data-element_type=\"container\">\n\t\t\t\t<div class=\"elementor-element elementor-element-f1465f1 elementor-widget__width-initial elementor-invisible elementor-widget elementor-widget-eigency-feature-card\" data-id=\"f1465f1\" data-element_type=\"widget\" data-settings=\"{&quot;_animation&quot;:&quot;fadeInUp&quot;}\" data-widget_type=\"eigency-feature-card.default\">\n\t\t\t\t<div class=\"elementor-widget-container\">\n\t\t\t        <div class=\"eigency-feature-card widget-style-three\">\r\n\t\t\t<div class=\"feature-thumb\"><img fetchpriority=\"high\" decoding=\"async\" width=\"800\" height=\"586\" src=\"https:\/\/kidakstudio.com\/wp-content\/uploads\/2024\/08\/UI_UX-Design.jpg\" class=\"attachment-large size-large wp-image-4313\" alt=\"Kidak Studio - UI UX Design\" srcset=\"https:\/\/kidakstudio.com\/wp-content\/uploads\/2024\/08\/UI_UX-Design.jpg 800w, https:\/\/kidakstudio.com\/wp-content\/uploads\/2024\/08\/UI_UX-Design-300x220.jpg 300w, https:\/\/kidakstudio.com\/wp-content\/uploads\/2024\/08\/UI_UX-Design-768x563.jpg 768w, https:\/\/kidakstudio.com\/wp-content\/uploads\/2024\/08\/UI_UX-Design-16x12.jpg 16w\" sizes=\"(max-width: 800px) 100vw, 800px\" \/><\/div>                <div class=\"title-wrapper\">\r\n\t\t\t\t\t<h4 class=\"title\"><a href=\"https:\/\/kidakstudio.com\/sr\/services\/ui-ux-design\/\">UI\/UX Dizajn<\/a><\/h4>        <a href=\"https:\/\/kidakstudio.com\/sr\/services\/ui-ux-design\/\" class=\"read-more-url\">\r\n\t\t\t\t\t\t                <svg xmlns=\"http:\/\/www.w3.org\/2000\/svg\" viewbox=\"0 0 65 66\" fill=\"none\">\r\n                    <path d=\"M40.2696 47.9728L55.8941 32.6057L40.7443 17.2709L37.4027 20.5891L46.549 29.8996L8.96882 29.8996L8.88514 35.3119L46.5298 35.3119L37.0306 44.6545L40.2696 47.9728Z\"\/>\r\n                <\/svg>\r\n\t\t\t        <\/a>\r\n\t\t                <\/div>\r\n\t\t\t\t\t\t\t        <\/div>\r\n\t\t\t\t<\/div>\n\t\t\t\t<\/div>\n\t\t\t\t<div class=\"elementor-element elementor-element-e1de297 elementor-widget__width-initial elementor-invisible elementor-widget elementor-widget-eigency-feature-card\" data-id=\"e1de297\" data-element_type=\"widget\" data-settings=\"{&quot;_animation&quot;:&quot;fadeInUp&quot;}\" data-widget_type=\"eigency-feature-card.default\">\n\t\t\t\t<div class=\"elementor-widget-container\">\n\t\t\t        <div class=\"eigency-feature-card widget-style-three\">\r\n\t\t\t<div class=\"feature-thumb\"><img decoding=\"async\" width=\"810\" height=\"1013\" src=\"https:\/\/kidakstudio.com\/wp-content\/uploads\/2024\/03\/kidak_logo_design-819x1024.webp\" class=\"attachment-large size-large wp-image-36\" alt=\"\" srcset=\"https:\/\/kidakstudio.com\/wp-content\/uploads\/2024\/03\/kidak_logo_design-819x1024.webp 819w, https:\/\/kidakstudio.com\/wp-content\/uploads\/2024\/03\/kidak_logo_design-240x300.webp 240w, https:\/\/kidakstudio.com\/wp-content\/uploads\/2024\/03\/kidak_logo_design-768x960.webp 768w, https:\/\/kidakstudio.com\/wp-content\/uploads\/2024\/03\/kidak_logo_design.webp 1080w\" sizes=\"(max-width: 810px) 100vw, 810px\" \/><\/div>                <div class=\"title-wrapper\">\r\n\t\t\t\t\t<h4 class=\"title\"><a href=\"https:\/\/kidakstudio.com\/sr\/services\/branding\/\">Brending i vizuelni identitet<\/a><\/h4>        <a href=\"https:\/\/kidakstudio.com\/sr\/services\/branding\/\" class=\"read-more-url\">\r\n\t\t\t\t\t\t                <svg xmlns=\"http:\/\/www.w3.org\/2000\/svg\" viewbox=\"0 0 65 66\" fill=\"none\">\r\n                    <path d=\"M40.2696 47.9728L55.8941 32.6057L40.7443 17.2709L37.4027 20.5891L46.549 29.8996L8.96882 29.8996L8.88514 35.3119L46.5298 35.3119L37.0306 44.6545L40.2696 47.9728Z\"\/>\r\n                <\/svg>\r\n\t\t\t        <\/a>\r\n\t\t                <\/div>\r\n\t\t\t\t\t\t\t        <\/div>\r\n\t\t\t\t<\/div>\n\t\t\t\t<\/div>\n\t\t\t\t<div class=\"elementor-element elementor-element-17410fa elementor-widget__width-initial elementor-invisible elementor-widget elementor-widget-eigency-feature-card\" data-id=\"17410fa\" data-element_type=\"widget\" data-settings=\"{&quot;_animation&quot;:&quot;fadeInUp&quot;}\" data-widget_type=\"eigency-feature-card.default\">\n\t\t\t\t<div class=\"elementor-widget-container\">\n\t\t\t        <div class=\"eigency-feature-card widget-style-three\">\r\n\t\t\t<div class=\"feature-thumb\"><img decoding=\"async\" width=\"800\" height=\"586\" src=\"https:\/\/kidakstudio.com\/wp-content\/uploads\/2024\/08\/Custom-web-apps.jpg\" class=\"attachment-large size-large wp-image-4144\" alt=\"Kidak Studio - Custom Web Apps\" srcset=\"https:\/\/kidakstudio.com\/wp-content\/uploads\/2024\/08\/Custom-web-apps.jpg 800w, https:\/\/kidakstudio.com\/wp-content\/uploads\/2024\/08\/Custom-web-apps-300x220.jpg 300w, https:\/\/kidakstudio.com\/wp-content\/uploads\/2024\/08\/Custom-web-apps-768x563.jpg 768w, https:\/\/kidakstudio.com\/wp-content\/uploads\/2024\/08\/Custom-web-apps-16x12.jpg 16w\" sizes=\"(max-width: 800px) 100vw, 800px\" \/><\/div>                <div class=\"title-wrapper\">\r\n\t\t\t\t\t<h4 class=\"title\"><a href=\"https:\/\/kidakstudio.com\/sr\/services\/web-apps\/\">Prilago\u0111ene web aplikacije<\/a><\/h4>        <a href=\"https:\/\/kidakstudio.com\/sr\/services\/web-apps\/\" class=\"read-more-url\">\r\n\t\t\t\t\t\t                <svg xmlns=\"http:\/\/www.w3.org\/2000\/svg\" viewbox=\"0 0 65 66\" fill=\"none\">\r\n                    <path d=\"M40.2696 47.9728L55.8941 32.6057L40.7443 17.2709L37.4027 20.5891L46.549 29.8996L8.96882 29.8996L8.88514 35.3119L46.5298 35.3119L37.0306 44.6545L40.2696 47.9728Z\"\/>\r\n                <\/svg>\r\n\t\t\t        <\/a>\r\n\t\t                <\/div>\r\n\t\t\t\t\t\t\t        <\/div>\r\n\t\t\t\t<\/div>\n\t\t\t\t<\/div>\n\t\t\t\t<\/div>\n\t\t\t\t\t<\/div>\n\t\t\t\t<\/div>\n\t\t\t\t<\/div>","protected":false},"excerpt":{"rendered":"<p>OUR EXPERTISE Digital agency driven by passion: Crafting tailored marketing solutions for your success We are committed to delivering bespoke digital marketing strategies that align perfectly with your business goals. With a deep understanding of the ever-evolving digital landscape, we create innovative solutions designed to drive growth, enhance engagement, and achieve measurable results. UI\/UX Design [&hellip;]<\/p>","protected":false},"author":1,"featured_media":0,"parent":0,"menu_order":0,"comment_status":"closed","ping_status":"closed","template":"","meta":{"om_disable_all_campaigns":false,"_monsterinsights_skip_tracking":false,"_monsterinsights_sitenote_active":false,"_monsterinsights_sitenote_note":"","_monsterinsights_sitenote_category":0,"_uf_show_specific_survey":0,"_uf_disable_surveys":false,"footnotes":""},"class_list":["post-444","page","type-page","status-publish","hentry"],"aioseo_notices":[],"_links":{"self":[{"href":"https:\/\/kidakstudio.com\/sr\/wp-json\/wp\/v2\/pages\/444","targetHints":{"allow":["GET"]}}],"collection":[{"href":"https:\/\/kidakstudio.com\/sr\/wp-json\/wp\/v2\/pages"}],"about":[{"href":"https:\/\/kidakstudio.com\/sr\/wp-json\/wp\/v2\/types\/page"}],"author":[{"embeddable":true,"href":"https:\/\/kidakstudio.com\/sr\/wp-json\/wp\/v2\/users\/1"}],"replies":[{"embeddable":true,"href":"https:\/\/kidakstudio.com\/sr\/wp-json\/wp\/v2\/comments?post=444"}],"version-history":[{"count":56,"href":"https:\/\/kidakstudio.com\/sr\/wp-json\/wp\/v2\/pages\/444\/revisions"}],"predecessor-version":[{"id":4652,"href":"https:\/\/kidakstudio.com\/sr\/wp-json\/wp\/v2\/pages\/444\/revisions\/4652"}],"wp:attachment":[{"href":"https:\/\/kidakstudio.com\/sr\/wp-json\/wp\/v2\/media?parent=444"}],"curies":[{"name":"wp","href":"https:\/\/api.w.org\/{rel}","templated":true}]}}